{"id":70,"date":"2026-02-14T16:46:31","date_gmt":"2026-02-14T16:46:31","guid":{"rendered":"https:\/\/eduambiental.nuvoll.com\/?page_id=70"},"modified":"2026-04-06T13:21:39","modified_gmt":"2026-04-06T13:21:39","slug":"educacion-ambiental","status":"publish","type":"page","link":"https:\/\/eduambientalcorpochivor.gov.co\/index.php\/educacion-ambiental\/","title":{"rendered":"EDUCACI\u00d3N AMBIENTAL"},"content":{"rendered":"\n<p class=\"has-text-align-center\"><mark style=\"background-color:rgba(0, 0, 0, 0)\" class=\"has-inline-color has-theme-palette-1-color\"><strong>CONSULTE EL PLAN ANUAL DE EDUCACI\u00d3N AMBIENTAL Y<\/strong> <br><strong>PARTICIPACI\u00d3N CIUDADANA AQU\u00cd:<\/strong><\/mark><\/p>\n\n\n\n<div class=\"wp-block-group\"><div class=\"wp-block-group__inner-container is-layout-constrained wp-block-group-is-layout-constrained\">\n<div class=\"wp-block-columns is-layout-flex wp-container-core-columns-is-layout-9d6595d7 wp-block-columns-is-layout-flex\">\n<div class=\"wp-block-column is-layout-flow wp-block-column-is-layout-flow\">\n<figure class=\"wp-block-gallery has-nested-images columns-default is-cropped wp-block-gallery-1 is-layout-flex wp-block-gallery-is-layout-flex\">\n<figure class=\"wp-block-image size-large\"><a href=\"https:\/\/eduambientalcorpochivor.gov.co\/wp-content\/uploads\/2026\/04\/PLAN-ANUAL-DE-EDUCACION-AMBIENTAL-2026-V2.pdf\" target=\"_blank\" rel=\" noreferrer noopener\"><img loading=\"lazy\" decoding=\"async\" width=\"608\" height=\"787\" data-id=\"702\" src=\"https:\/\/eduambientalcorpochivor.gov.co\/wp-content\/uploads\/2026\/03\/PLAN-ANUAL-DE-EDUCACION-AMBIENTAL-2026.png\" alt=\"Plan Anual de Educaci\u00f3n Ambiental y Participaci\u00f3n Ciudadana vigencia 2026\" class=\"wp-image-702\" srcset=\"https:\/\/eduambientalcorpochivor.gov.co\/wp-content\/uploads\/2026\/03\/PLAN-ANUAL-DE-EDUCACION-AMBIENTAL-2026.png 608w, https:\/\/eduambientalcorpochivor.gov.co\/wp-content\/uploads\/2026\/03\/PLAN-ANUAL-DE-EDUCACION-AMBIENTAL-2026-232x300.png 232w\" sizes=\"auto, (max-width: 608px) 100vw, 608px\" \/><\/a><\/figure>\n<\/figure>\n<\/div>\n\n\n\n<div class=\"wp-block-column is-layout-flow wp-block-column-is-layout-flow\">\n<figure class=\"wp-block-image size-full\"><a href=\"https:\/\/eduambiental.nuvoll.com\/wp-content\/uploads\/2026\/02\/Plan-de-Educacion-Ambiental-2025.pdf\" target=\"_blank\" rel=\" noreferrer noopener\"><img loading=\"lazy\" decoding=\"async\" width=\"607\" height=\"783\" src=\"https:\/\/eduambiental.nuvoll.com\/wp-content\/uploads\/2026\/02\/Plan-Anual-de-Educacion-Ambiental-y-Participacion-Ciudadana-vigencia-2025.png\" alt=\"Plan Anual de Educaci\u00f3n Ambiental y Participaci\u00f3n Ciudadana vigencia 2025\" class=\"wp-image-151\" style=\"aspect-ratio:0.7674066149594365\" srcset=\"https:\/\/eduambientalcorpochivor.gov.co\/wp-content\/uploads\/2026\/02\/Plan-Anual-de-Educacion-Ambiental-y-Participacion-Ciudadana-vigencia-2025.png 607w, https:\/\/eduambientalcorpochivor.gov.co\/wp-content\/uploads\/2026\/02\/Plan-Anual-de-Educacion-Ambiental-y-Participacion-Ciudadana-vigencia-2025-233x300.png 233w\" sizes=\"auto, (max-width: 607px) 100vw, 607px\" \/><\/a><\/figure>\n<\/div>\n\n\n\n<div class=\"wp-block-column is-layout-flow wp-block-column-is-layout-flow\">\n<figure class=\"wp-block-image size-full\"><a href=\"https:\/\/eduambiental.nuvoll.com\/wp-content\/uploads\/2026\/02\/Plan-de-Educacion-Ambiental-2024-07-25.pdf\" target=\"_blank\" rel=\" noreferrer noopener\"><img loading=\"lazy\" decoding=\"async\" width=\"563\" height=\"736\" src=\"https:\/\/eduambiental.nuvoll.com\/wp-content\/uploads\/2026\/02\/Plan-Anual-de-Educacion-Ambiental-y-Participacion-Ciudadana-vigencia-2024.png\" alt=\"Plan Anual de Educaci\u00f3n Ambiental y Participaci\u00f3n Ciudadana vigencia 2024\" class=\"wp-image-141\" style=\"aspect-ratio:0.7649567127535858\" srcset=\"https:\/\/eduambientalcorpochivor.gov.co\/wp-content\/uploads\/2026\/02\/Plan-Anual-de-Educacion-Ambiental-y-Participacion-Ciudadana-vigencia-2024.png 563w, https:\/\/eduambientalcorpochivor.gov.co\/wp-content\/uploads\/2026\/02\/Plan-Anual-de-Educacion-Ambiental-y-Participacion-Ciudadana-vigencia-2024-229x300.png 229w\" sizes=\"auto, (max-width: 563px) 100vw, 563px\" \/><\/a><\/figure>\n<\/div>\n\n\n\n<div class=\"wp-block-column is-layout-flow wp-block-column-is-layout-flow\">\n<figure class=\"wp-block-image size-large\"><a href=\"https:\/\/eduambiental.nuvoll.com\/wp-content\/uploads\/2026\/02\/Plan-de-Educacion-Ambiental-2023.pdf\" target=\"_blank\" rel=\" noreferrer noopener\"><img loading=\"lazy\" decoding=\"async\" width=\"607\" height=\"790\" src=\"https:\/\/eduambientalcorpochivor.gov.co\/wp-content\/uploads\/2026\/02\/Plan-Anual-de-Educacion-Ambiental-y-Participacion-Ciudadana-vigencia-2023.png\" alt=\"Plan Anual de Educaci\u00f3n Ambiental y Participaci\u00f3n Ciudadana vigencia 2023\" class=\"wp-image-146\" srcset=\"https:\/\/eduambientalcorpochivor.gov.co\/wp-content\/uploads\/2026\/02\/Plan-Anual-de-Educacion-Ambiental-y-Participacion-Ciudadana-vigencia-2023.png 607w, https:\/\/eduambientalcorpochivor.gov.co\/wp-content\/uploads\/2026\/02\/Plan-Anual-de-Educacion-Ambiental-y-Participacion-Ciudadana-vigencia-2023-231x300.png 231w\" sizes=\"auto, (max-width: 607px) 100vw, 607px\" \/><\/a><\/figure>\n<\/div>\n<\/div>\n<\/div><\/div>\n\n\n\n<div class=\"wp-block-columns is-layout-flex wp-container-core-columns-is-layout-9d6595d7 wp-block-columns-is-layout-flex\">\n<div class=\"wp-block-column is-layout-flow wp-block-column-is-layout-flow\">\n<figure class=\"wp-block-image size-large\"><a href=\"https:\/\/eduambiental.nuvoll.com\/wp-content\/uploads\/2026\/02\/Plan-de-Educacion-Ambiental-2022.pdf\" target=\"_blank\" rel=\" noreferrer noopener\"><img loading=\"lazy\" decoding=\"async\" width=\"625\" height=\"811\" src=\"https:\/\/eduambientalcorpochivor.gov.co\/wp-content\/uploads\/2026\/02\/Plan-Anual-de-Educacion-Ambiental-y-Participacion-Ciudadana-vigencia-2022.png\" alt=\"Plan Anual de Educaci\u00f3n Ambiental y Participaci\u00f3n Ciudadana vigencia 2022\" class=\"wp-image-142\" srcset=\"https:\/\/eduambientalcorpochivor.gov.co\/wp-content\/uploads\/2026\/02\/Plan-Anual-de-Educacion-Ambiental-y-Participacion-Ciudadana-vigencia-2022.png 625w, https:\/\/eduambientalcorpochivor.gov.co\/wp-content\/uploads\/2026\/02\/Plan-Anual-de-Educacion-Ambiental-y-Participacion-Ciudadana-vigencia-2022-231x300.png 231w\" sizes=\"auto, (max-width: 625px) 100vw, 625px\" \/><\/a><\/figure>\n<\/div>\n\n\n\n<div class=\"wp-block-column is-layout-flow wp-block-column-is-layout-flow\"><\/div>\n\n\n\n<div class=\"wp-block-column is-layout-flow wp-block-column-is-layout-flow\"><\/div>\n\n\n\n<div class=\"wp-block-column is-layout-flow wp-block-column-is-layout-flow\"><\/div>\n<\/div>\n\n\n\n<figure class=\"wp-block-gallery has-nested-images columns-default is-cropped wp-block-gallery-2 is-layout-flex wp-block-gallery-is-layout-flex\"><\/figure>\n\n\n\n<figure class=\"wp-block-image size-large is-resized\"><img loading=\"lazy\" decoding=\"async\" width=\"1024\" height=\"175\" src=\"https:\/\/eduambiental.nuvoll.com\/wp-content\/uploads\/2026\/02\/1-Cenefa-WEB-1-1024x175.png\" alt=\"\" class=\"wp-image-128\" style=\"width:1178px;height:auto\" srcset=\"https:\/\/eduambientalcorpochivor.gov.co\/wp-content\/uploads\/2026\/02\/1-Cenefa-WEB-1-1024x175.png 1024w, https:\/\/eduambientalcorpochivor.gov.co\/wp-content\/uploads\/2026\/02\/1-Cenefa-WEB-1-300x51.png 300w, https:\/\/eduambientalcorpochivor.gov.co\/wp-content\/uploads\/2026\/02\/1-Cenefa-WEB-1-768x132.png 768w, https:\/\/eduambientalcorpochivor.gov.co\/wp-content\/uploads\/2026\/02\/1-Cenefa-WEB-1-1536x263.png 1536w, https:\/\/eduambientalcorpochivor.gov.co\/wp-content\/uploads\/2026\/02\/1-Cenefa-WEB-1-2048x351.png 2048w\" sizes=\"auto, (max-width: 1024px) 100vw, 1024px\" \/><\/figure>\n","protected":false},"excerpt":{"rendered":"<p>CONSULTE EL PLAN ANUAL DE EDUCACI\u00d3N AMBIENTAL Y PARTICIPACI\u00d3N CIUDADANA AQU\u00cd:<\/p>\n","protected":false},"author":1,"featured_media":0,"parent":0,"menu_order":0,"comment_status":"closed","ping_status":"closed","template":"","meta":{"_kadence_starter_templates_imported_post":false,"_kad_post_transparent":"","_kad_post_title":"","_kad_post_layout":"normal","_kad_post_sidebar_id":"","_kad_post_content_style":"boxed","_kad_post_vertical_padding":"","_kad_post_feature":"","_kad_post_feature_position":"","_kad_post_header":false,"_kad_post_footer":false,"_kad_post_classname":"","footnotes":""},"class_list":["post-70","page","type-page","status-publish","hentry"],"_links":{"self":[{"href":"https:\/\/eduambientalcorpochivor.gov.co\/index.php\/wp-json\/wp\/v2\/pages\/70","targetHints":{"allow":["GET"]}}],"collection":[{"href":"https:\/\/eduambientalcorpochivor.gov.co\/index.php\/wp-json\/wp\/v2\/pages"}],"about":[{"href":"https:\/\/eduambientalcorpochivor.gov.co\/index.php\/wp-json\/wp\/v2\/types\/page"}],"author":[{"embeddable":true,"href":"https:\/\/eduambientalcorpochivor.gov.co\/index.php\/wp-json\/wp\/v2\/users\/1"}],"replies":[{"embeddable":true,"href":"https:\/\/eduambientalcorpochivor.gov.co\/index.php\/wp-json\/wp\/v2\/comments?post=70"}],"version-history":[{"count":25,"href":"https:\/\/eduambientalcorpochivor.gov.co\/index.php\/wp-json\/wp\/v2\/pages\/70\/revisions"}],"predecessor-version":[{"id":727,"href":"https:\/\/eduambientalcorpochivor.gov.co\/index.php\/wp-json\/wp\/v2\/pages\/70\/revisions\/727"}],"wp:attachment":[{"href":"https:\/\/eduambientalcorpochivor.gov.co\/index.php\/wp-json\/wp\/v2\/media?parent=70"}],"curies":[{"name":"wp","href":"https:\/\/api.w.org\/{rel}","templated":true}]}}