{"id":79,"date":"2026-02-14T16:51:05","date_gmt":"2026-02-14T16:51:05","guid":{"rendered":"https:\/\/eduambiental.nuvoll.com\/?page_id=79"},"modified":"2026-02-19T17:19:20","modified_gmt":"2026-02-19T17:19:20","slug":"praes-y-praus","status":"publish","type":"page","link":"https:\/\/eduambientalcorpochivor.gov.co\/index.php\/praes-y-praus\/","title":{"rendered":"PRAES Y PRAUS"},"content":{"rendered":"\n<div class=\"wp-block-columns is-layout-flex wp-container-core-columns-is-layout-9d6595d7 wp-block-columns-is-layout-flex\">\n<div class=\"wp-block-column is-layout-flow wp-block-column-is-layout-flow\" style=\"flex-basis:33.33%\"><div class=\"wp-block-image\">\n<figure class=\"aligncenter size-full is-resized\"><img loading=\"lazy\" decoding=\"async\" width=\"485\" height=\"174\" src=\"https:\/\/eduambiental.nuvoll.com\/wp-content\/uploads\/2026\/02\/PRAES.png\" alt=\"\" class=\"wp-image-166\" style=\"aspect-ratio:2.7873674609508607;width:274px;height:auto\" srcset=\"https:\/\/eduambientalcorpochivor.gov.co\/wp-content\/uploads\/2026\/02\/PRAES.png 485w, https:\/\/eduambientalcorpochivor.gov.co\/wp-content\/uploads\/2026\/02\/PRAES-300x108.png 300w\" sizes=\"auto, (max-width: 485px) 100vw, 485px\" \/><\/figure>\n<\/div><\/div>\n\n\n\n<div class=\"wp-block-column is-layout-flow wp-block-column-is-layout-flow\" style=\"flex-basis:66.66%\">\n<p>La Estrategia Institucional, busca fortalecer la pol\u00edtica nacional de educaci\u00f3n ambiental dentro de las instituciones educativas de la Jurisdicci\u00f3n de Corpochivor. Dicho fortalecimiento involucra de forma participativa a comunidad educativa quienes lideran Proyectos Ambientales Escolares \u2013 PRAE y Proyectos Ambientales Universitarios \u2013 PRAU; atendiendo las problem\u00e1ticas ambientales puntuales de cada Instituci\u00f3n Educativa.<\/p>\n<\/div>\n<\/div>\n\n\n\n<hr class=\"wp-block-separator has-alpha-channel-opacity is-style-wide\"\/>\n\n\n\n<p><\/p>\n\n\n\n<style>\n  .municipios-grid{\n    display:grid;\n    grid-template-columns:repeat(4, minmax(180px, 1fr));\n    gap:34px 48px;\n    justify-items:center;\n    align-items:center;\n    margin: 30px auto 10px;\n    max-width: 1200px;\n  }\n\n  @media (max-width: 1024px){\n    .municipios-grid{ grid-template-columns:repeat(3, minmax(180px, 1fr)); }\n  }\n  @media (max-width: 720px){\n    .municipios-grid{ grid-template-columns:repeat(2, minmax(160px, 1fr)); gap:22px 18px; }\n  }\n  @media (max-width: 420px){\n    .municipios-grid{ grid-template-columns:1fr; }\n  }\n\n  \/* Quitar subrayado y estilos de enlace *\/\n  .municipio-link{\n    text-decoration:none !important;\n    color:inherit !important;\n    display:inline-block;\n  }\n  .municipio-link:hover{ text-decoration:none !important; }\n\n  .municipio-pill{\n    width: 230px;\n    height: 46px;\n    border-radius: 10px;\n    border: 1px solid rgba(0,0,0,.18);\n    box-shadow: 0 8px 18px rgba(0,0,0,.06);\n    display:flex;\n    align-items:center;\n    justify-content:center;\n    font-weight: 600;\n    font-size: 14px;\n    letter-spacing: .45em;\n    text-transform: uppercase;\n    color: rgba(0,0,0,.65);\n    transition: transform .2s ease, box-shadow .2s ease;\n    user-select:none;\n  }\n\n  .municipio-pill:hover{\n    transform: translateY(-3px);\n    box-shadow: 0 12px 24px rgba(0,0,0,.10);\n  }\n\n  \/* Colores como el ejemplo *\/\n  .c1{ background:#bff7f0; }  \/* aqua *\/\n  .c2{ background:#d7f7b2; }  \/* verde suave *\/\n  .c3{ background:#cfeaff; }  \/* azul suave *\/\n\n  \/* Para nombres largos *\/\n  .ls20{ letter-spacing:.20em; }\n  .ls25{ letter-spacing:.25em; }\n<\/style>\n\n<div class=\"municipios-grid\">\n\n  <a class=\"municipio-link\" href=\"https:\/\/eduambiental.nuvoll.com\/index.php\/almeida\/\">\n    <div class=\"municipio-pill c1\">ALMEIDA<\/div>\n  <\/a>\n\n  <a class=\"municipio-link\" href=\"https:\/\/eduambiental.nuvoll.com\/index.php\/boyaca\/\">\n    <div class=\"municipio-pill c2\">BOYAC\u00c1<\/div>\n  <\/a>\n\n  <a class=\"municipio-link\" href=\"https:\/\/eduambiental.nuvoll.com\/index.php\/campohermoso\/\">\n    <div class=\"municipio-pill c1\">CAMPOHERMOSO<\/div>\n  <\/a>\n\n  <a class=\"municipio-link\" href=\"https:\/\/eduambiental.nuvoll.com\/index.php\/chinavita\/\">\n    <div class=\"municipio-pill c3\">CHINAVITA<\/div>\n  <\/a>\n\n  <a class=\"municipio-link\" href=\"https:\/\/eduambiental.nuvoll.com\/index.php\/guayata\/\">\n    <div class=\"municipio-pill c2\">GUAYAT\u00c1<\/div>\n  <\/a>\n\n  <a class=\"municipio-link\" href=\"https:\/\/eduambiental.nuvoll.com\/index.php\/cienega\/\">\n    <div class=\"municipio-pill c1\">CI\u00c9NEGA<\/div>\n  <\/a>\n\n  <a class=\"municipio-link\" href=\"https:\/\/eduambiental.nuvoll.com\/index.php\/san-luis-de-gaceno\/\">\n    <div class=\"municipio-pill c2 ls20\">SAN LUIS DE GACENO<\/div>\n  <\/a>\n\n  <a class=\"municipio-link\" href=\"https:\/\/eduambiental.nuvoll.com\/index.php\/guateque\/\">\n    <div class=\"municipio-pill c2\">GUATEQUE<\/div>\n  <\/a>\n\n  <a class=\"municipio-link\" href=\"https:\/\/eduambiental.nuvoll.com\/index.php\/nuevo-colon\/\">\n    <div class=\"municipio-pill c1 ls25\">NUEVO COL\u00d3N<\/div>\n  <\/a>\n\n  <a class=\"municipio-link\" href=\"https:\/\/eduambiental.nuvoll.com\/index.php\/jenesano\/\">\n    <div class=\"municipio-pill c3\">JENESANO<\/div>\n  <\/a>\n\n  <a class=\"municipio-link\" href=\"https:\/\/eduambiental.nuvoll.com\/index.php\/umbita\/\">\n    <div class=\"municipio-pill c1\">\u00daMBITA<\/div>\n  <\/a>\n\n  <a class=\"municipio-link\" href=\"https:\/\/eduambiental.nuvoll.com\/index.php\/macanal\/\">\n    <div class=\"municipio-pill c1\">MACANAL<\/div>\n  <\/a>\n\n  <a class=\"municipio-link\" href=\"https:\/\/eduambiental.nuvoll.com\/index.php\/tibana\/\">\n    <div class=\"municipio-pill c1\">TIBAN\u00c1<\/div>\n  <\/a>\n\n  <a class=\"municipio-link\" href=\"https:\/\/eduambiental.nuvoll.com\/index.php\/pachavita\/\">\n    <div class=\"municipio-pill c1\">PACHAVITA<\/div>\n  <\/a>\n\n  <a class=\"municipio-link\" href=\"https:\/\/eduambiental.nuvoll.com\/index.php\/turmeque\/\">\n    <div class=\"municipio-pill c2\">TURMEQU\u00c9<\/div>\n  <\/a>\n\n  <a class=\"municipio-link\" href=\"https:\/\/eduambiental.nuvoll.com\/index.php\/ramiriqui\/\">\n    <div class=\"municipio-pill c3\">RAMIRIQU\u00cd<\/div>\n  <\/a>\n\n  <a class=\"municipio-link\" href=\"https:\/\/eduambiental.nuvoll.com\/index.php\/viracacha\/\">\n    <div class=\"municipio-pill c1\">VIRACACH\u00c1<\/div>\n  <\/a>\n\n  <a class=\"municipio-link\" href=\"https:\/\/eduambiental.nuvoll.com\/index.php\/somondoco\/\">\n    <div class=\"municipio-pill c3\">SOMONDOCO<\/div>\n  <\/a>\n\n  <a class=\"municipio-link\" href=\"https:\/\/eduambiental.nuvoll.com\/index.php\/ventaquemada\/\">\n    <div class=\"municipio-pill c1 ls25\">VENTAQUEMADA<\/div>\n  <\/a>\n\n<\/div>\n\n\n\n<p><\/p>\n\n\n<div class=\"wp-block-image\">\n<figure class=\"aligncenter size-large is-resized\"><img loading=\"lazy\" decoding=\"async\" width=\"1024\" height=\"175\" src=\"https:\/\/eduambiental.nuvoll.com\/wp-content\/uploads\/2026\/02\/1-Cenefa-WEB-1024x175.png\" alt=\"Cenefa inferior\" class=\"wp-image-110\" style=\"width:1180px;height:auto\" srcset=\"https:\/\/eduambientalcorpochivor.gov.co\/wp-content\/uploads\/2026\/02\/1-Cenefa-WEB-1024x175.png 1024w, https:\/\/eduambientalcorpochivor.gov.co\/wp-content\/uploads\/2026\/02\/1-Cenefa-WEB-300x51.png 300w, https:\/\/eduambientalcorpochivor.gov.co\/wp-content\/uploads\/2026\/02\/1-Cenefa-WEB-768x132.png 768w, https:\/\/eduambientalcorpochivor.gov.co\/wp-content\/uploads\/2026\/02\/1-Cenefa-WEB-1536x263.png 1536w, https:\/\/eduambientalcorpochivor.gov.co\/wp-content\/uploads\/2026\/02\/1-Cenefa-WEB-2048x351.png 2048w\" sizes=\"auto, (max-width: 1024px) 100vw, 1024px\" \/><\/figure>\n<\/div>","protected":false},"excerpt":{"rendered":"<p>La Estrategia Institucional, busca fortalecer la pol\u00edtica nacional de educaci\u00f3n ambiental dentro de las instituciones educativas de la Jurisdicci\u00f3n de Corpochivor. Dicho fortalecimiento involucra de forma participativa a comunidad educativa quienes lideran Proyectos Ambientales Escolares \u2013 PRAE y Proyectos Ambientales Universitarios \u2013 PRAU; atendiendo las problem\u00e1ticas ambientales puntuales de cada Instituci\u00f3n Educativa. ALMEIDA BOYAC\u00c1 CAMPOHERMOSO&#8230;<\/p>\n","protected":false},"author":1,"featured_media":0,"parent":0,"menu_order":0,"comment_status":"closed","ping_status":"closed","template":"","meta":{"_kadence_starter_templates_imported_post":false,"_kad_post_transparent":"","_kad_post_title":"","_kad_post_layout":"normal","_kad_post_sidebar_id":"","_kad_post_content_style":"","_kad_post_vertical_padding":"","_kad_post_feature":"","_kad_post_feature_position":"","_kad_post_header":false,"_kad_post_footer":false,"_kad_post_classname":"","footnotes":""},"class_list":["post-79","page","type-page","status-publish","hentry"],"_links":{"self":[{"href":"https:\/\/eduambientalcorpochivor.gov.co\/index.php\/wp-json\/wp\/v2\/pages\/79","targetHints":{"allow":["GET"]}}],"collection":[{"href":"https:\/\/eduambientalcorpochivor.gov.co\/index.php\/wp-json\/wp\/v2\/pages"}],"about":[{"href":"https:\/\/eduambientalcorpochivor.gov.co\/index.php\/wp-json\/wp\/v2\/types\/page"}],"author":[{"embeddable":true,"href":"https:\/\/eduambientalcorpochivor.gov.co\/index.php\/wp-json\/wp\/v2\/users\/1"}],"replies":[{"embeddable":true,"href":"https:\/\/eduambientalcorpochivor.gov.co\/index.php\/wp-json\/wp\/v2\/comments?post=79"}],"version-history":[{"count":17,"href":"https:\/\/eduambientalcorpochivor.gov.co\/index.php\/wp-json\/wp\/v2\/pages\/79\/revisions"}],"predecessor-version":[{"id":512,"href":"https:\/\/eduambientalcorpochivor.gov.co\/index.php\/wp-json\/wp\/v2\/pages\/79\/revisions\/512"}],"wp:attachment":[{"href":"https:\/\/eduambientalcorpochivor.gov.co\/index.php\/wp-json\/wp\/v2\/media?parent=79"}],"curies":[{"name":"wp","href":"https:\/\/api.w.org\/{rel}","templated":true}]}}