{"id":80,"date":"2026-02-14T16:51:05","date_gmt":"2026-02-14T16:51:05","guid":{"rendered":"https:\/\/eduambiental.nuvoll.com\/?page_id=80"},"modified":"2026-02-19T17:20:02","modified_gmt":"2026-02-19T17:20:02","slug":"cideas","status":"publish","type":"page","link":"https:\/\/eduambientalcorpochivor.gov.co\/index.php\/cideas\/","title":{"rendered":"CIDEAS"},"content":{"rendered":"\n<div class=\"wp-block-columns is-layout-flex wp-container-core-columns-is-layout-9d6595d7 wp-block-columns-is-layout-flex\">\n<div class=\"wp-block-column is-layout-flow wp-block-column-is-layout-flow\" style=\"flex-basis:33.33%\"><div class=\"wp-block-image\">\n<figure class=\"aligncenter size-full is-resized\"><img loading=\"lazy\" decoding=\"async\" width=\"485\" height=\"174\" src=\"https:\/\/eduambiental.nuvoll.com\/wp-content\/uploads\/2026\/02\/CIDEAS.png\" alt=\"\" class=\"wp-image-439\" style=\"aspect-ratio:2.7873674609508607;width:300px;height:auto\" srcset=\"https:\/\/eduambientalcorpochivor.gov.co\/wp-content\/uploads\/2026\/02\/CIDEAS.png 485w, https:\/\/eduambientalcorpochivor.gov.co\/wp-content\/uploads\/2026\/02\/CIDEAS-300x108.png 300w\" sizes=\"auto, (max-width: 485px) 100vw, 485px\" \/><\/figure>\n<\/div><\/div>\n\n\n\n<div class=\"wp-block-column is-layout-flow wp-block-column-is-layout-flow\" style=\"flex-basis:66.66%\">\n<p>Los Comit\u00e9s Interinstitucionales de Educaci\u00f3n Ambiental \u2013 CIDEAS, son espacios intersectoriales y multidisciplinarios para aunar esfuerzos t\u00e9cnicos, financieros y de proyecci\u00f3n en pro de la conservaci\u00f3n de los recursos naturales, a trav\u00e9s de educaci\u00f3n, sensibilizaci\u00f3n y fortalecimiento de la cultura ambiental en cada uno de los municipios. &nbsp;El objetivo del CIDEA es la definici\u00f3n y gesti\u00f3n de planes de educaci\u00f3n ambiental, basados en problem\u00e1ticas ambientales locales.<\/p>\n<\/div>\n<\/div>\n\n\n\n<hr class=\"wp-block-separator has-alpha-channel-opacity is-style-wide\"\/>\n\n\n\n<style>\n  .cideas-grid{\n    display:grid;\n    grid-template-columns:repeat(4, minmax(180px, 1fr));\n    gap:34px 48px;\n    justify-items:center;\n    align-items:center;\n    margin: 30px auto 10px;\n    max-width: 1200px;\n  }\n\n  @media (max-width: 1024px){\n    .cideas-grid{ grid-template-columns:repeat(3, minmax(180px, 1fr)); }\n  }\n  @media (max-width: 720px){\n    .cideas-grid{ grid-template-columns:repeat(2, minmax(160px, 1fr)); gap:22px 18px; }\n  }\n  @media (max-width: 420px){\n    .cideas-grid{ grid-template-columns:1fr; }\n  }\n\n  \/* Link sin subrayado *\/\n  .cidea-link{\n    text-decoration:none !important;\n    color:inherit !important;\n  }\n  .cidea-link:hover{ text-decoration:none !important; }\n\n  \/* Pastilla *\/\n  .cidea-pill{\n    min-width: 230px;\n    height: 46px;\n    padding: 0 18px;\n    border-radius: 10px;\n    border: 1px solid rgba(0,0,0,.18);\n    box-shadow: 0 8px 18px rgba(0,0,0,.06);\n    display:flex;\n    align-items:center;\n    justify-content:center;\n    font-weight: 600;\n    font-size: 14px;\n    letter-spacing: .45em;\n    text-transform: uppercase;\n    color: rgba(0,0,0,.65);\n    background: #bff7f0;\n    transition: transform .2s ease, box-shadow .2s ease;\n    user-select:none;\n    box-sizing: border-box;\n    text-align:center;\n  }\n\n  .cidea-pill:hover{\n    transform: translateY(-3px);\n    box-shadow: 0 12px 24px rgba(0,0,0,.10);\n  }\n\n  \/* Colores *\/\n  .c1{ background:#bff7f0; } \/* menta *\/\n  .c2{ background:#d7f7b2; } \/* verde claro *\/\n  .c3{ background:#cfeaff; } \/* azul claro *\/\n<\/style>\n\n<div class=\"cideas-grid\">\n\n  <!-- Columna 1 -->\n  <a class=\"cidea-link\" href=\"https:\/\/eduambiental.nuvoll.com\/index.php\/almeida-cideas\/\">\n    <div class=\"cidea-pill c1\">ALMEIDA<\/div>\n  <\/a>\n\n  <a class=\"cidea-link\" href=\"https:\/\/eduambiental.nuvoll.com\/index.php\/boyaca-cideas\/\">\n    <div class=\"cidea-pill c2\">BOYAC\u00c1<\/div>\n  <\/a>\n\n  <a class=\"cidea-link\" href=\"https:\/\/eduambiental.nuvoll.com\/index.php\/campohermoso-cideas\/\">\n    <div class=\"cidea-pill c2\" style=\"letter-spacing:.30em;\">CAMPOHERMOSO<\/div>\n  <\/a>\n\n  <a class=\"cidea-link\" href=\"https:\/\/eduambiental.nuvoll.com\/index.php\/chinavita-cideas\/\">\n    <div class=\"cidea-pill c3\">CHINAVITA<\/div>\n  <\/a>\n\n  <a class=\"cidea-link\" href=\"https:\/\/eduambiental.nuvoll.com\/index.php\/chivor-cideas\/\">\n    <div class=\"cidea-pill c3\">CHIVOR<\/div>\n  <\/a>\n\n  <a class=\"cidea-link\" href=\"https:\/\/eduambiental.nuvoll.com\/index.php\/cienega-cideas\/\">\n    <div class=\"cidea-pill c1\">CI\u00c9NEGA<\/div>\n  <\/a>\n\n  <a class=\"cidea-link\" href=\"https:\/\/eduambiental.nuvoll.com\/index.php\/garagoa-cideas\/\">\n    <div class=\"cidea-pill c1\">GARAGOA<\/div>\n  <\/a>\n\n  <a class=\"cidea-link\" href=\"https:\/\/eduambiental.nuvoll.com\/index.php\/guateque-cideas\/\">\n    <div class=\"cidea-pill c2\">GUATEQUE<\/div>\n  <\/a>\n\n  <a class=\"cidea-link\" href=\"https:\/\/eduambiental.nuvoll.com\/index.php\/guayata-cideas\/\">\n    <div class=\"cidea-pill c2\">GUAYAT\u00c1<\/div>\n  <\/a>\n\n  <a class=\"cidea-link\" href=\"https:\/\/eduambiental.nuvoll.com\/index.php\/jenesano-cideas\/\">\n    <div class=\"cidea-pill c3\">JENESANO<\/div>\n  <\/a>\n\n  <a class=\"cidea-link\" href=\"https:\/\/eduambiental.nuvoll.com\/index.php\/la-capilla-cideas\/\">\n    <div class=\"cidea-pill c1\" style=\"letter-spacing:.28em;\">LA CAPILLA<\/div>\n  <\/a>\n\n  <a class=\"cidea-link\" href=\"https:\/\/eduambiental.nuvoll.com\/index.php\/macanal-cideas\/\">\n    <div class=\"cidea-pill c1\">MACANAL<\/div>\n  <\/a>\n\n  <a class=\"cidea-link\" href=\"https:\/\/eduambiental.nuvoll.com\/index.php\/nuevo-colon-cideas\/\">\n    <div class=\"cidea-pill c1\" style=\"letter-spacing:.25em;\">NUEVO COL\u00d3N<\/div>\n  <\/a>\n\n  <a class=\"cidea-link\" href=\"https:\/\/eduambiental.nuvoll.com\/index.php\/pachavita-cideas\/\">\n    <div class=\"cidea-pill c1\">PACHAVITA<\/div>\n  <\/a>\n\n  <a class=\"cidea-link\" href=\"https:\/\/eduambiental.nuvoll.com\/index.php\/san-luis-de-gaceno-cideas\/\">\n    <div class=\"cidea-pill c2\" style=\"letter-spacing:.18em;\">SAN LUIS DE GACENO<\/div>\n  <\/a>\n\n  <a class=\"cidea-link\" href=\"https:\/\/eduambiental.nuvoll.com\/index.php\/ramiriqui-cideas\/\">\n    <div class=\"cidea-pill c3\">RAMIRIQU\u00cd<\/div>\n  <\/a>\n\n  <a class=\"cidea-link\" href=\"https:\/\/eduambiental.nuvoll.com\/index.php\/santa-maria-cideas\/\">\n    <div class=\"cidea-pill c1\" style=\"letter-spacing:.25em;\">SANTA MAR\u00cdA<\/div>\n  <\/a>\n\n  <a class=\"cidea-link\" href=\"https:\/\/eduambiental.nuvoll.com\/index.php\/somondoco-cideas\/\">\n    <div class=\"cidea-pill c3\">SOMONDOCO<\/div>\n  <\/a>\n\n  <a class=\"cidea-link\" href=\"https:\/\/eduambiental.nuvoll.com\/index.php\/sutatenza-cideas\/\">\n    <div class=\"cidea-pill c1\">SUTATENZA<\/div>\n  <\/a>\n\n  <a class=\"cidea-link\" href=\"https:\/\/eduambiental.nuvoll.com\/index.php\/tenza-cideas\/\">\n    <div class=\"cidea-pill c1\">TENZA<\/div>\n  <\/a>\n\n  <a class=\"cidea-link\" href=\"https:\/\/eduambiental.nuvoll.com\/index.php\/tibana-cideas\/\">\n    <div class=\"cidea-pill c1\">TIBAN\u00c1<\/div>\n  <\/a>\n\n  <a class=\"cidea-link\" href=\"https:\/\/eduambiental.nuvoll.com\/index.php\/turmeque-cideas\/\">\n    <div class=\"cidea-pill c2\">TURMEQU\u00c9<\/div>\n  <\/a>\n\n  <a class=\"cidea-link\" href=\"https:\/\/eduambiental.nuvoll.com\/index.php\/umbita-cideas\/\">\n    <div class=\"cidea-pill c1\">\u00daMBITA<\/div>\n  <\/a>\n\n  <a class=\"cidea-link\" href=\"https:\/\/eduambiental.nuvoll.com\/index.php\/ventaquemada-cideas\/\">\n    <div class=\"cidea-pill c1\" style=\"letter-spacing:.25em;\">VENTAQUEMADA<\/div>\n  <\/a>\n\n  <a class=\"cidea-link\" href=\"https:\/\/eduambiental.nuvoll.com\/index.php\/viracacha-cideas\/\">\n    <div class=\"cidea-pill c1\">VIRACACH\u00c1<\/div>\n  <\/a>\n\n<\/div>\n\n\n\n<p><\/p>\n\n\n<div class=\"wp-block-image\">\n<figure class=\"aligncenter size-large is-resized\"><img loading=\"lazy\" decoding=\"async\" width=\"1024\" height=\"175\" src=\"https:\/\/eduambiental.nuvoll.com\/wp-content\/uploads\/2026\/02\/1-Cenefa-WEB-1024x175.png\" alt=\"Cenefa inferior\" class=\"wp-image-110\" style=\"width:1180px;height:auto\" srcset=\"https:\/\/eduambientalcorpochivor.gov.co\/wp-content\/uploads\/2026\/02\/1-Cenefa-WEB-1024x175.png 1024w, https:\/\/eduambientalcorpochivor.gov.co\/wp-content\/uploads\/2026\/02\/1-Cenefa-WEB-300x51.png 300w, https:\/\/eduambientalcorpochivor.gov.co\/wp-content\/uploads\/2026\/02\/1-Cenefa-WEB-768x132.png 768w, https:\/\/eduambientalcorpochivor.gov.co\/wp-content\/uploads\/2026\/02\/1-Cenefa-WEB-1536x263.png 1536w, https:\/\/eduambientalcorpochivor.gov.co\/wp-content\/uploads\/2026\/02\/1-Cenefa-WEB-2048x351.png 2048w\" sizes=\"auto, (max-width: 1024px) 100vw, 1024px\" \/><\/figure>\n<\/div>","protected":false},"excerpt":{"rendered":"<p>Los Comit\u00e9s Interinstitucionales de Educaci\u00f3n Ambiental \u2013 CIDEAS, son espacios intersectoriales y multidisciplinarios para aunar esfuerzos t\u00e9cnicos, financieros y de proyecci\u00f3n en pro de la conservaci\u00f3n de los recursos naturales, a trav\u00e9s de educaci\u00f3n, sensibilizaci\u00f3n y fortalecimiento de la cultura ambiental en cada uno de los municipios. &nbsp;El objetivo del CIDEA es la definici\u00f3n y&#8230;<\/p>\n","protected":false},"author":1,"featured_media":0,"parent":0,"menu_order":0,"comment_status":"closed","ping_status":"closed","template":"","meta":{"_kadence_starter_templates_imported_post":false,"_kad_post_transparent":"","_kad_post_title":"","_kad_post_layout":"normal","_kad_post_sidebar_id":"","_kad_post_content_style":"","_kad_post_vertical_padding":"","_kad_post_feature":"","_kad_post_feature_position":"","_kad_post_header":false,"_kad_post_footer":false,"_kad_post_classname":"","footnotes":""},"class_list":["post-80","page","type-page","status-publish","hentry"],"_links":{"self":[{"href":"https:\/\/eduambientalcorpochivor.gov.co\/index.php\/wp-json\/wp\/v2\/pages\/80","targetHints":{"allow":["GET"]}}],"collection":[{"href":"https:\/\/eduambientalcorpochivor.gov.co\/index.php\/wp-json\/wp\/v2\/pages"}],"about":[{"href":"https:\/\/eduambientalcorpochivor.gov.co\/index.php\/wp-json\/wp\/v2\/types\/page"}],"author":[{"embeddable":true,"href":"https:\/\/eduambientalcorpochivor.gov.co\/index.php\/wp-json\/wp\/v2\/users\/1"}],"replies":[{"embeddable":true,"href":"https:\/\/eduambientalcorpochivor.gov.co\/index.php\/wp-json\/wp\/v2\/comments?post=80"}],"version-history":[{"count":11,"href":"https:\/\/eduambientalcorpochivor.gov.co\/index.php\/wp-json\/wp\/v2\/pages\/80\/revisions"}],"predecessor-version":[{"id":513,"href":"https:\/\/eduambientalcorpochivor.gov.co\/index.php\/wp-json\/wp\/v2\/pages\/80\/revisions\/513"}],"wp:attachment":[{"href":"https:\/\/eduambientalcorpochivor.gov.co\/index.php\/wp-json\/wp\/v2\/media?parent=80"}],"curies":[{"name":"wp","href":"https:\/\/api.w.org\/{rel}","templated":true}]}}