{"id":96,"date":"2026-02-14T16:54:09","date_gmt":"2026-02-14T16:54:09","guid":{"rendered":"https:\/\/eduambiental.nuvoll.com\/?page_id=96"},"modified":"2026-04-10T00:14:35","modified_gmt":"2026-04-10T00:14:35","slug":"concursos","status":"publish","type":"page","link":"https:\/\/eduambientalcorpochivor.gov.co\/index.php\/concursos\/","title":{"rendered":"CONCURSOS"},"content":{"rendered":"\n<p><\/p>\n\n\n\n<h2 class=\"wp-block-heading\"><strong>XVIII CONCURSO DE M\u00daSICA CAMPESINA,ECOL\u00d3GICA Y AMBIENTAL DE CORPOCHIVOR<\/strong><\/h2>\n\n\n\n<p>M\u00c1S INFORMACI\u00d3N: <a href=\"https:\/\/eduambientalcorpochivor.gov.co\/wp-content\/uploads\/2026\/02\/Lineamientos_Concurso_Musica_2023.pdf\" data-type=\"link\" data-id=\"https:\/\/eduambientalcorpochivor.gov.co\/wp-content\/uploads\/2026\/02\/Lineamientos_Concurso_Musica_2023.pdf\" target=\"_blank\" rel=\"noreferrer noopener\"><mark style=\"background-color:rgba(0, 0, 0, 0)\" class=\"has-inline-color has-theme-palette-1-color\">Bases del XVIII CONCURSO DE M\u00daSICA CAMPESINA,ECOL\u00d3GICA Y AMBIENTAL DE CORPOCHIVOR<\/mark><\/a><\/p>\n\n\n\n<h2 class=\"wp-block-heading\"><strong>III CONCURSO DE EXPRESIONES ARTISTICAS Y LITERARIAS ALIADOS POR LA CULTURA AMBIENTAL<\/strong><\/h2>\n\n\n<div class=\"wp-block-image\">\n<figure class=\"aligncenter size-large is-resized\"><a href=\"https:\/\/eduambientalcorpochivor.gov.co\/wp-content\/uploads\/2026\/02\/Lineamientos-Concurso-Aliados-por-la-Cultura-Ambiental-2023-1.pdf\" target=\"_blank\" rel=\" noreferrer noopener\"><img loading=\"lazy\" decoding=\"async\" width=\"1024\" height=\"297\" src=\"https:\/\/eduambientalcorpochivor.gov.co\/wp-content\/uploads\/2026\/02\/Banner-concurso-expresiones-2023-01-1024x297.jpg\" alt=\"\" class=\"wp-image-425\" style=\"width:1060px;height:auto\" srcset=\"https:\/\/eduambientalcorpochivor.gov.co\/wp-content\/uploads\/2026\/02\/Banner-concurso-expresiones-2023-01-1024x297.jpg 1024w, https:\/\/eduambientalcorpochivor.gov.co\/wp-content\/uploads\/2026\/02\/Banner-concurso-expresiones-2023-01-300x87.jpg 300w, https:\/\/eduambientalcorpochivor.gov.co\/wp-content\/uploads\/2026\/02\/Banner-concurso-expresiones-2023-01-768x223.jpg 768w, https:\/\/eduambientalcorpochivor.gov.co\/wp-content\/uploads\/2026\/02\/Banner-concurso-expresiones-2023-01-1536x445.jpg 1536w, https:\/\/eduambientalcorpochivor.gov.co\/wp-content\/uploads\/2026\/02\/Banner-concurso-expresiones-2023-01.jpg 1921w\" sizes=\"auto, (max-width: 1024px) 100vw, 1024px\" \/><\/a><\/figure>\n<\/div>\n\n\n<h2 class=\"wp-block-heading\"><strong>TRANSFORMANDO RESIDUOS, CONSTRUYENDO SONRISAS 2023<\/strong><\/h2>\n\n\n<div class=\"wp-block-image\">\n<figure class=\"aligncenter size-large is-resized\"><img loading=\"lazy\" decoding=\"async\" width=\"1024\" height=\"293\" src=\"https:\/\/eduambiental.nuvoll.com\/wp-content\/uploads\/2026\/02\/Banner-concurso-transoformando-residuos-construyendo-sonrisas-01-1024x293.jpg\" alt=\"\" class=\"wp-image-429\" style=\"width:1058px;height:auto\" srcset=\"https:\/\/eduambientalcorpochivor.gov.co\/wp-content\/uploads\/2026\/02\/Banner-concurso-transoformando-residuos-construyendo-sonrisas-01-1024x293.jpg 1024w, https:\/\/eduambientalcorpochivor.gov.co\/wp-content\/uploads\/2026\/02\/Banner-concurso-transoformando-residuos-construyendo-sonrisas-01-300x86.jpg 300w, https:\/\/eduambientalcorpochivor.gov.co\/wp-content\/uploads\/2026\/02\/Banner-concurso-transoformando-residuos-construyendo-sonrisas-01-768x220.jpg 768w, https:\/\/eduambientalcorpochivor.gov.co\/wp-content\/uploads\/2026\/02\/Banner-concurso-transoformando-residuos-construyendo-sonrisas-01-1536x440.jpg 1536w, https:\/\/eduambientalcorpochivor.gov.co\/wp-content\/uploads\/2026\/02\/Banner-concurso-transoformando-residuos-construyendo-sonrisas-01-2048x587.jpg 2048w\" sizes=\"auto, (max-width: 1024px) 100vw, 1024px\" \/><\/figure>\n<\/div>\n\n\n<p><a href=\"https:\/\/eduambientalcorpochivor.gov.co\/wp-content\/uploads\/2026\/02\/Formato-Inscripcion-Concurso-Transformando-Residuos-Construyendo-Sonrisas.docx\" data-type=\"link\" data-id=\"https:\/\/eduambientalcorpochivor.gov.co\/wp-content\/uploads\/2026\/02\/Formato-Inscripcion-Concurso-Transformando-Residuos-Construyendo-Sonrisas.docx\" target=\"_blank\" rel=\"noreferrer noopener\"><mark style=\"background-color:rgba(0, 0, 0, 0)\" class=\"has-inline-color has-theme-palette-1-color\">FORMATO DE INSCRIPCI\u00d3N<\/mark><\/a><\/p>\n\n\n\n<h2 class=\"wp-block-heading\"><strong>TRANSFORMANDO RESIDUOS, CONSTRUYENDO SONRISAS 2022<\/strong><\/h2>\n\n\n\n<div class=\"wp-block-columns is-layout-flex wp-container-core-columns-is-layout-9d6595d7 wp-block-columns-is-layout-flex\">\n<div class=\"wp-block-column is-layout-flow wp-block-column-is-layout-flow\"><div class=\"wp-block-image\">\n<figure class=\"aligncenter size-full\"><a href=\"https:\/\/eduambientalcorpochivor.gov.co\/wp-content\/uploads\/2026\/02\/Bases-del-Concurso-Transformando-Residuos-Construyendo-Sonrisas.pdf\" target=\"_blank\" rel=\" noreferrer noopener\"><img loading=\"lazy\" decoding=\"async\" width=\"300\" height=\"300\" src=\"https:\/\/eduambiental.nuvoll.com\/wp-content\/uploads\/2026\/02\/Concurso-residuos-01-1-300x300-1.png\" alt=\"\" class=\"wp-image-430\" srcset=\"https:\/\/eduambientalcorpochivor.gov.co\/wp-content\/uploads\/2026\/02\/Concurso-residuos-01-1-300x300-1.png 300w, https:\/\/eduambientalcorpochivor.gov.co\/wp-content\/uploads\/2026\/02\/Concurso-residuos-01-1-300x300-1-150x150.png 150w\" sizes=\"auto, (max-width: 300px) 100vw, 300px\" \/><\/a><\/figure>\n<\/div><\/div>\n\n\n\n<div class=\"wp-block-column is-layout-flow wp-block-column-is-layout-flow\"><div class=\"wp-block-image\">\n<figure class=\"aligncenter size-full\"><a href=\"https:\/\/eduambientalcorpochivor.gov.co\/wp-content\/uploads\/2026\/02\/Bases-del-Concurso-Transformando-Residuos-Construyendo-Sonrisas.pdf\" target=\"_blank\" rel=\" noreferrer noopener\"><img loading=\"lazy\" decoding=\"async\" width=\"300\" height=\"300\" src=\"https:\/\/eduambiental.nuvoll.com\/wp-content\/uploads\/2026\/02\/Concurso-residuos-02-300x300-1.png\" alt=\"\" class=\"wp-image-431\" srcset=\"https:\/\/eduambientalcorpochivor.gov.co\/wp-content\/uploads\/2026\/02\/Concurso-residuos-02-300x300-1.png 300w, https:\/\/eduambientalcorpochivor.gov.co\/wp-content\/uploads\/2026\/02\/Concurso-residuos-02-300x300-1-150x150.png 150w\" sizes=\"auto, (max-width: 300px) 100vw, 300px\" \/><\/a><\/figure>\n<\/div><\/div>\n\n\n\n<div class=\"wp-block-column is-layout-flow wp-block-column-is-layout-flow\"><div class=\"wp-block-image\">\n<figure class=\"aligncenter size-full\"><a href=\"https:\/\/eduambientalcorpochivor.gov.co\/wp-content\/uploads\/2026\/02\/Bases-del-Concurso-Transformando-Residuos-Construyendo-Sonrisas.pdf\" target=\"_blank\" rel=\" noreferrer noopener\"><img loading=\"lazy\" decoding=\"async\" width=\"300\" height=\"300\" src=\"https:\/\/eduambiental.nuvoll.com\/wp-content\/uploads\/2026\/02\/Concurso-residuos-03-300x300-1.png\" alt=\"\" class=\"wp-image-432\" srcset=\"https:\/\/eduambientalcorpochivor.gov.co\/wp-content\/uploads\/2026\/02\/Concurso-residuos-03-300x300-1.png 300w, https:\/\/eduambientalcorpochivor.gov.co\/wp-content\/uploads\/2026\/02\/Concurso-residuos-03-300x300-1-150x150.png 150w\" sizes=\"auto, (max-width: 300px) 100vw, 300px\" \/><\/a><\/figure>\n<\/div><\/div>\n\n\n\n<div class=\"wp-block-column is-layout-flow wp-block-column-is-layout-flow\"><div class=\"wp-block-image\">\n<figure class=\"aligncenter size-full\"><a href=\"https:\/\/eduambientalcorpochivor.gov.co\/wp-content\/uploads\/2026\/02\/Bases-del-Concurso-Transformando-Residuos-Construyendo-Sonrisas.pdf\" target=\"_blank\" rel=\" noreferrer noopener\"><img loading=\"lazy\" decoding=\"async\" width=\"300\" height=\"300\" src=\"https:\/\/eduambiental.nuvoll.com\/wp-content\/uploads\/2026\/02\/Concurso-residuos-04-300x300-1.png\" alt=\"\" class=\"wp-image-433\" srcset=\"https:\/\/eduambientalcorpochivor.gov.co\/wp-content\/uploads\/2026\/02\/Concurso-residuos-04-300x300-1.png 300w, https:\/\/eduambientalcorpochivor.gov.co\/wp-content\/uploads\/2026\/02\/Concurso-residuos-04-300x300-1-150x150.png 150w\" sizes=\"auto, (max-width: 300px) 100vw, 300px\" \/><\/a><\/figure>\n<\/div><\/div>\n<\/div>\n\n\n\n<p><a href=\"https:\/\/eduambientalcorpochivor.gov.co\/wp-content\/uploads\/2026\/02\/Formato-Inscripcion-Concurso-Transformando-Residuos-Construyendo-Sonrisas.docx\" data-type=\"link\" data-id=\"https:\/\/eduambientalcorpochivor.gov.co\/wp-content\/uploads\/2026\/02\/Formato-Inscripcion-Concurso-Transformando-Residuos-Construyendo-Sonrisas.docx\" target=\"_blank\" rel=\"noreferrer noopener\"><mark style=\"background-color:rgba(0, 0, 0, 0)\" class=\"has-inline-color has-theme-palette-1-color\">FORMATO DE INCRIPCI\u00d3N<\/mark><\/a><\/p>\n\n\n\n<p><\/p>\n","protected":false},"excerpt":{"rendered":"<p>XVIII CONCURSO DE M\u00daSICA CAMPESINA,ECOL\u00d3GICA Y AMBIENTAL DE CORPOCHIVOR M\u00c1S INFORMACI\u00d3N: Bases del XVIII CONCURSO DE M\u00daSICA CAMPESINA,ECOL\u00d3GICA Y AMBIENTAL DE CORPOCHIVOR III CONCURSO DE EXPRESIONES ARTISTICAS Y LITERARIAS ALIADOS POR LA CULTURA AMBIENTAL TRANSFORMANDO RESIDUOS, CONSTRUYENDO SONRISAS 2023 FORMATO DE INSCRIPCI\u00d3N TRANSFORMANDO RESIDUOS, CONSTRUYENDO SONRISAS 2022 FORMATO DE INCRIPCI\u00d3N<\/p>\n","protected":false},"author":1,"featured_media":0,"parent":0,"menu_order":0,"comment_status":"closed","ping_status":"closed","template":"","meta":{"_kadence_starter_templates_imported_post":false,"_kad_post_transparent":"","_kad_post_title":"","_kad_post_layout":"normal","_kad_post_sidebar_id":"","_kad_post_content_style":"","_kad_post_vertical_padding":"","_kad_post_feature":"","_kad_post_feature_position":"","_kad_post_header":false,"_kad_post_footer":false,"_kad_post_classname":"","footnotes":""},"class_list":["post-96","page","type-page","status-publish","hentry"],"_links":{"self":[{"href":"https:\/\/eduambientalcorpochivor.gov.co\/index.php\/wp-json\/wp\/v2\/pages\/96","targetHints":{"allow":["GET"]}}],"collection":[{"href":"https:\/\/eduambientalcorpochivor.gov.co\/index.php\/wp-json\/wp\/v2\/pages"}],"about":[{"href":"https:\/\/eduambientalcorpochivor.gov.co\/index.php\/wp-json\/wp\/v2\/types\/page"}],"author":[{"embeddable":true,"href":"https:\/\/eduambientalcorpochivor.gov.co\/index.php\/wp-json\/wp\/v2\/users\/1"}],"replies":[{"embeddable":true,"href":"https:\/\/eduambientalcorpochivor.gov.co\/index.php\/wp-json\/wp\/v2\/comments?post=96"}],"version-history":[{"count":11,"href":"https:\/\/eduambientalcorpochivor.gov.co\/index.php\/wp-json\/wp\/v2\/pages\/96\/revisions"}],"predecessor-version":[{"id":775,"href":"https:\/\/eduambientalcorpochivor.gov.co\/index.php\/wp-json\/wp\/v2\/pages\/96\/revisions\/775"}],"wp:attachment":[{"href":"https:\/\/eduambientalcorpochivor.gov.co\/index.php\/wp-json\/wp\/v2\/media?parent=96"}],"curies":[{"name":"wp","href":"https:\/\/api.w.org\/{rel}","templated":true}]}}